{"id":100403,"date":"2022-12-14T15:19:30","date_gmt":"2022-12-14T15:19:30","guid":{"rendered":"https:\/\/2626.ca\/?page_id=100403"},"modified":"2025-09-09T16:47:39","modified_gmt":"2025-09-09T16:47:39","slug":"formation","status":"publish","type":"page","link":"https:\/\/2626.ca\/fr\/vos-droits\/academic-workers\/formation\/","title":{"rendered":"Formation"},"content":{"rendered":"<h3 style=\"text-align: center;\">Compensation pour la formation obligatoire : un paiement de 350 $ sera vers\u00e9 30 jours ouvrables apr\u00e8s le d\u00e9but du prochain trimestre, une fois que tou\u00b7te\u00b7s les modules auront \u00e9t\u00e9 compl\u00e9t\u00e9s.<\/h3>\n<p>En tant qu\u2019employeur, l\u2019Universit\u00e9 d\u2019Ottawa doit veiller \u00e0 ce que vous compl\u00e9tiez les formations obligatoires en mati\u00e8re de sant\u00e9 et de s\u00e9curit\u00e9, comme pr\u00e9vu par les lois de l\u2019Ontario.<\/p>\n<h4><b>Comment compl\u00e9ter les formations obligatoires<\/b><\/h4>\n<ol>\n<li>Veuillez vous rendre sur\u00a0<a href=\"http:\/\/www.uottawa.ca\/ressources-humaines\/\">uottawa.ca\/ressources-humaines<\/a>\u00a0et cliquez sur l\u2019onglet \u00ab Apprentissage \u00bb.<\/li>\n<li>Cliquez sur \u00ab Mon dossier de formation \u00bb dans la section \u00ab Ateliers \u00bb.<\/li>\n<li>Configurez votre compte ou ouvrez une session avec votre num\u00e9ro d\u2019employ\u00e9\u00b7e et mot de passe. Vous devez ouvrir une session pour que le syst\u00e8me puisse enregistrer que vous avez compl\u00e9t\u00e9 vos formations en tant qu\u2019employ\u00e9\u00b7e. Si vous avez besoin d\u2019aide avec votre mot de passe, veuillez contacter le <a href=\"http:\/\/ti.uottawa.ca\/demande-dassistance\">Service des technologies de l\u2019information de l\u2019Universit\u00e9<\/a>.<\/li>\n<li>Cliquez sur \u00ab Liste des ateliers \u00bb et s\u00e9lectionnez \u00ab Obligatoire \u00bb dans la liste d\u2019ateliers \u00ab Par cat\u00e9gorie \u00bb. La liste semble plus longue qu\u2019elle ne l\u2019est, car les ateliers sont disponibles dans les deux langues officielles.<\/li>\n<\/ol>\n<h4><b>Formations obligatoires<\/b><\/h4>\n<p>Les neuf (9) formations suivantes sont obligatoires* pour les employ\u00e9\u00b7e\u00b7s de l\u2019Universit\u00e9 d\u2019Ottawa :<\/p>\n<ol>\n<li><a href=\"https:\/\/web47.uottawa.ca\/fr\/lrs\/node\/1918\" target=\"_blank\" rel=\"noopener noreferrer\">Normes d\u2019accessibilit\u00e9 pour les services \u00e0 la client\u00e8le<\/a><\/li>\n<li><a href=\"https:\/\/web47.uottawa.ca\/fr\/lrs\/node\/1601\" target=\"_blank\" rel=\"noopener noreferrer\">Respect en milieu de travail<\/a><\/li>\n<li><a href=\"https:\/\/web47.uottawa.ca\/fr\/lrs\/node\/1848\" target=\"_blank\" rel=\"noopener noreferrer\">Pr\u00e9vention de la violence<\/a><\/li>\n<li><a href=\"https:\/\/web47.uottawa.ca\/fr\/lrs\/node\/2103\" target=\"_blank\" rel=\"noopener noreferrer\">Sensibilisation des superviseurs \u00e0 la sant\u00e9 et \u00e0 la s\u00e9curit\u00e9**<\/a><\/li>\n<li><a href=\"https:\/\/web47.uottawa.ca\/fr\/lrs\/node\/1518\" target=\"_blank\" rel=\"noopener noreferrer\">Sensibilisation des travailleurs et travailleuses \u00e0 la sant\u00e9 et \u00e0 la s\u00e9curit\u00e9<\/a><\/li>\n<li><a href=\"https:\/\/web47.uottawa.ca\/fr\/lrs\/node\/2390\" target=\"_blank\" rel=\"noopener noreferrer\">Travaillons ensemble : Le Code des droits de la personne de l\u2019Ontario et la LAPHO<\/a><\/li>\n<li><a href=\"https:\/\/web47.uottawa.ca\/en\/lrs\/node\/28596\" target=\"_blank\" rel=\"noopener noreferrer\">Module 1 : Comment r\u00e9agir \u00e0 un t\u00e9moignage de violence sexuelle<\/a><\/li>\n<li><a href=\"https:\/\/web47.uottawa.ca\/fr\/lrs\/node\/25016\">Autod\u00e9fense num\u00e9rique<\/a><\/li>\n<li><a href=\"https:\/\/www.uottawa.ca\/notre-universite\/administration-services\/bureau-dirigeante-principale-gestion-risques\/sante-securite-environnement\/formation\/roles-responsabilites\">Sant\u00e9 et s\u00e9curit\u00e9 &#8211; r\u00f4les et responsabilit\u00e9s (formation autoguid\u00e9e)<\/a><\/li>\n<\/ol>\n<p>La liste compl\u00e8te des ateliers de formation est disponible <a href=\"https:\/\/med.uottawa.ca\/sante-securite\/formation?fbclid=IwAR0WKeDrsVCDzZU3wxTkG1X4JrATqmc-Bcvn16R9JKl-F3IF_JrDZAvSGaI\" target=\"_blank\" rel=\"noopener noreferrer\">ici<\/a>.<\/p>\n<p>* Bien que tous les ateliers soient recommand\u00e9s, seuls ceux indiqu\u00e9s ci-dessus sont obligatoires.<\/p>\n<p>** Veuillez noter que vous occupez un poste de supervision en ce qui concerne les \u00e9tudiant\u00b7e\u00b7s (lors des cours, des heures de bureau, des groupes de discussion, en tant que moniteur\u00b7trice de laboratoire, etc.)<\/p>\n","protected":false},"excerpt":{"rendered":"<p>Compensation pour la formation obligatoire : un paiement de 350 $ sera vers\u00e9 30 jours ouvrables apr\u00e8s le d\u00e9but du prochain trimestre, une fois que tou\u00b7te\u00b7s les modules auront \u00e9t\u00e9 compl\u00e9t\u00e9s. En tant qu\u2019employeur, l\u2019Universit\u00e9 d\u2019Ottawa doit veiller \u00e0 ce que vous compl\u00e9tiez les formations obligatoires en mati\u00e8re de sant\u00e9 et de s\u00e9curit\u00e9, comme pr\u00e9vu &#8230;<\/p>\n","protected":false},"author":1,"featured_media":0,"parent":4237,"menu_order":1,"comment_status":"closed","ping_status":"closed","template":"","meta":{"_acf_changed":false,"footnotes":""},"class_list":["post-100403","page","type-page","status-publish","hentry"],"acf":[],"aioseo_notices":[],"_links":{"self":[{"href":"https:\/\/2626.ca\/fr\/wp-json\/wp\/v2\/pages\/100403","targetHints":{"allow":["GET"]}}],"collection":[{"href":"https:\/\/2626.ca\/fr\/wp-json\/wp\/v2\/pages"}],"about":[{"href":"https:\/\/2626.ca\/fr\/wp-json\/wp\/v2\/types\/page"}],"author":[{"embeddable":true,"href":"https:\/\/2626.ca\/fr\/wp-json\/wp\/v2\/users\/1"}],"replies":[{"embeddable":true,"href":"https:\/\/2626.ca\/fr\/wp-json\/wp\/v2\/comments?post=100403"}],"version-history":[{"count":5,"href":"https:\/\/2626.ca\/fr\/wp-json\/wp\/v2\/pages\/100403\/revisions"}],"predecessor-version":[{"id":102772,"href":"https:\/\/2626.ca\/fr\/wp-json\/wp\/v2\/pages\/100403\/revisions\/102772"}],"up":[{"embeddable":true,"href":"https:\/\/2626.ca\/fr\/wp-json\/wp\/v2\/pages\/4237"}],"wp:attachment":[{"href":"https:\/\/2626.ca\/fr\/wp-json\/wp\/v2\/media?parent=100403"}],"curies":[{"name":"wp","href":"https:\/\/api.w.org\/{rel}","templated":true}]}}