{"id":100405,"date":"2022-12-14T15:21:58","date_gmt":"2022-12-14T15:21:58","guid":{"rendered":"https:\/\/2626.ca\/?page_id=100405"},"modified":"2024-08-26T18:01:22","modified_gmt":"2024-08-26T18:01:22","slug":"ressources","status":"publish","type":"page","link":"https:\/\/2626.ca\/fr\/obtenir-de-laide\/ressources\/","title":{"rendered":"Ressources"},"content":{"rendered":"<h3><strong>Ressources pour les membres<\/strong><\/h3>\n<p>&nbsp;<\/p>\n<h4><strong>Pour les \u00e9tudiant\u00b7e\u00b7s internationaux\u00b7ales<\/strong><\/h4>\n<ul>\n<li><strong>Orientation sur l&rsquo;immigration<\/strong><br \/>\nConsultez les <a href=\"https:\/\/www.uottawa.ca\/etudiants-actuels\/uointernational\/immigration\">ressources sur les questions d\u2019immigration d\u2019uOInternationa<\/a>l pour obtenir des informations sur les proc\u00e9dures et le soutien en mati\u00e8re d&rsquo;immigration.<\/li>\n<\/ul>\n<p>Pour une assistance suppl\u00e9mentaire, comme l&rsquo;obtention d&rsquo;un NAS ou la navigation dans la vie au Canada, rendez-vous au <a href=\"https:\/\/www.uottawa.ca\/etudiants-actuels\/uointernational\">Bureau des \u00e9tudiant\u00b7e\u00b7s internationaux\u00b7ales<\/a>\u00a0pour un soutien complet.<\/p>\n<p>&nbsp;<\/p>\n<h4><strong>Pour les probl\u00e8mes juridiques<\/strong><\/h4>\n<ul>\n<li><strong>Clinique juridique communautaire<\/strong><br \/>\nLa <a href=\"https:\/\/www.uottawa.ca\/faculte-droit\/common-law\/centre-etudiant\/cours\/cliniques\/clinique-juridique-communautaire\">Clinique juridique communautaire de l&rsquo;uOttawa<\/a> offre de l&rsquo;assistance juridique pour divers probl\u00e8mes.<\/li>\n<\/ul>\n<p>&nbsp;<\/p>\n<h4><strong>Droits des \u00e9tudiant\u00b7e\u00b7s<\/strong><\/h4>\n<ul>\n<li><strong>Centre des droits \u00e9tudiants<\/strong><br \/>\nVisitez le <a href=\"https:\/\/www.seuo-uosu.com\/fr\/services\/\">Centre des droits \u00e9tudiants<\/a> pour de l&rsquo;aide concernant les droits des \u00e9tudiant\u00b7e\u00b7s et les questions connexes.<\/li>\n<\/ul>\n<p>&nbsp;<\/p>\n<h4><strong>Bureau des droits de la personne (BDP)<\/strong><\/h4>\n<ul>\n<li><strong>Respect et \u00e9quit\u00e9 \u00e0 l&rsquo;uOttawa<\/strong><br \/>\nExplorez le <a href=\"https:\/\/www.uottawa.ca\/notre-universite\/respect\">Bureau des droits de la personne<\/a> pour des ressources sur le respect et l&rsquo;\u00e9quit\u00e9 \u00e0 l&rsquo;uOttawa.<\/li>\n<\/ul>\n<p>&nbsp;<\/p>\n<h4><strong>Politiques universitaires<\/strong><\/h4>\n<ul>\n<li><strong>Liste compl\u00e8te des politiques de l&rsquo;uOttawa<\/strong><br \/>\nRetrouvez toutes les <a href=\"https:\/\/www.uottawa.ca\/notre-universite\/politiques-reglements\">politiques et r\u00e8glements de l&rsquo;uOttawa<\/a> ici.<\/li>\n<li><strong>Politique sur les \u00e9tudiants avec une bourse de recherche \u00e0 financement provisoire<\/strong><\/li>\n<\/ul>\n<p>Consultez sp\u00e9cifiquement le <a href=\"https:\/\/www.uottawa.ca\/notre-universite\/politiques-reglements\/reglement-110a-etudiantes-et-etudiants-diplomes-avec-bourse-de-recherche-financement-provisoire\">R\u00e8glement 110a<\/a> concernant les bourses de recherche \u00e0 financement provisoire.<\/p>\n<p>&nbsp;<\/p>\n<h4><strong>Association des \u00e9tudiant\u00b7e\u00b7s dipl\u00f4m\u00e9\u00b7e\u00b7s (GSA\u00c9D)<\/strong><\/h4>\n<ul>\n<li><strong>Page d&rsquo;accueil de la GSA\u00c9D<\/strong><br \/>\nAcc\u00e9dez \u00e0 l&rsquo;<a href=\"https:\/\/gsaed.ca\/fr\/accueil\/\">Association des \u00e9tudiant\u00b7e\u00b7s dipl\u00f4m\u00e9\u00b7e\u00b7s <\/a>pour du soutien et des ressources.<\/li>\n<\/ul>\n<p>&nbsp;<\/p>\n<h4>Syndicat d&rsquo;\u00e9tudiants de l&rsquo;universit\u00e9 d&rsquo;ottawa (S\u00c9UO)<\/h4>\n<ul>\n<li><a href=\"https:\/\/www.seuo-uosu.com\/fr\/\"><strong>D\u00e9couvrez des services essentiels<\/strong><\/a> tels que l&rsquo;assurance sant\u00e9 et dentaire, les bourses, les emplois \u00e9tudiants, les opportunit\u00e9s de b\u00e9n\u00e9volat, ainsi que l&rsquo;acc\u00e8s \u00e0 divers clubs et \u00e9v\u00e9nements \u00e9tudiants.<\/li>\n<\/ul>\n<p>&nbsp;<\/p>\n","protected":false},"excerpt":{"rendered":"<p>Ressources pour les membres &nbsp; Pour les \u00e9tudiant\u00b7e\u00b7s internationaux\u00b7ales Orientation sur l&rsquo;immigration Consultez les ressources sur les questions d\u2019immigration d\u2019uOInternational pour obtenir des informations sur les proc\u00e9dures et le soutien en mati\u00e8re d&rsquo;immigration. Pour une assistance suppl\u00e9mentaire, comme l&rsquo;obtention d&rsquo;un NAS ou la navigation dans la vie au Canada, rendez-vous au Bureau des \u00e9tudiant\u00b7e\u00b7s internationaux\u00b7ales\u00a0pour &#8230;<\/p>\n","protected":false},"author":1,"featured_media":0,"parent":86354,"menu_order":0,"comment_status":"closed","ping_status":"closed","template":"","meta":{"_acf_changed":false,"footnotes":""},"class_list":["post-100405","page","type-page","status-publish","hentry"],"acf":[],"aioseo_notices":[],"_links":{"self":[{"href":"https:\/\/2626.ca\/fr\/wp-json\/wp\/v2\/pages\/100405","targetHints":{"allow":["GET"]}}],"collection":[{"href":"https:\/\/2626.ca\/fr\/wp-json\/wp\/v2\/pages"}],"about":[{"href":"https:\/\/2626.ca\/fr\/wp-json\/wp\/v2\/types\/page"}],"author":[{"embeddable":true,"href":"https:\/\/2626.ca\/fr\/wp-json\/wp\/v2\/users\/1"}],"replies":[{"embeddable":true,"href":"https:\/\/2626.ca\/fr\/wp-json\/wp\/v2\/comments?post=100405"}],"version-history":[{"count":5,"href":"https:\/\/2626.ca\/fr\/wp-json\/wp\/v2\/pages\/100405\/revisions"}],"predecessor-version":[{"id":102642,"href":"https:\/\/2626.ca\/fr\/wp-json\/wp\/v2\/pages\/100405\/revisions\/102642"}],"up":[{"embeddable":true,"href":"https:\/\/2626.ca\/fr\/wp-json\/wp\/v2\/pages\/86354"}],"wp:attachment":[{"href":"https:\/\/2626.ca\/fr\/wp-json\/wp\/v2\/media?parent=100405"}],"curies":[{"name":"wp","href":"https:\/\/api.w.org\/{rel}","templated":true}]}}