{"id":100443,"date":"2022-12-14T15:46:55","date_gmt":"2022-12-14T15:46:55","guid":{"rendered":"https:\/\/2626.ca\/?page_id=100443"},"modified":"2025-10-24T14:54:24","modified_gmt":"2025-10-24T14:54:24","slug":"evenements","status":"publish","type":"page","link":"https:\/\/2626.ca\/fr\/evenements\/evenements\/","title":{"rendered":"\u00c9v\u00e9nements"},"content":{"rendered":"<p><img loading=\"lazy\" decoding=\"async\" class=\"alignnone size-full wp-image-102785\" src=\"https:\/\/2626.ca\/wp-content\/uploads\/2025\/10\/dotty.png\" alt=\"\" width=\"1294\" height=\"2000\" srcset=\"https:\/\/2626.ca\/wp-content\/uploads\/2025\/10\/dotty.png 1294w, https:\/\/2626.ca\/wp-content\/uploads\/2025\/10\/dotty-194x300.png 194w, https:\/\/2626.ca\/wp-content\/uploads\/2025\/10\/dotty-663x1024.png 663w, https:\/\/2626.ca\/wp-content\/uploads\/2025\/10\/dotty-768x1187.png 768w, https:\/\/2626.ca\/wp-content\/uploads\/2025\/10\/dotty-994x1536.png 994w\" sizes=\"auto, (max-width: 1294px) 100vw, 1294px\" \/><\/p>\n<p style=\"text-align: center;\">Faites entendre votre voix \u00e0 la prochaine Assembl\u00e9e g\u00e9n\u00e9rale r\u00e9guli\u00e8re !<\/p>\n<p style=\"text-align: center;\"><strong>Notre prochaine AGR aura lieu le 5 novembre \u00e0 17 h 30<\/strong> \u2014 un moment cl\u00e9 pour vous impliquer en cette ann\u00e9e de n\u00e9gociation. Joignez-vous \u00e0 nous en personne au CRX C010 pour profiter de nourriture et d\u2019avantages exclusifs aux membres, ou participez en ligne sur Dots pour rester inform\u00e9\u00b7e et partager vos id\u00e9es.<\/p>\n<p style=\"text-align: center;\"><strong><a href=\"https:\/\/calendar.google.com\/calendar\/event?action=TEMPLATE&amp;tmeid=M2dwaTNsaWRjNjBvZWduODY0Z2VhZWU2dGIgY29tbUBjdXBlMjYyNi5jYQ&amp;tmsrc=comm%40cupe2626.ca\">R\u00e9servez la date<\/a> :<\/strong> 5 novembre 2025<\/p>\n<p style=\"text-align: center;\"><strong>CRX C010 et en ligne sur Dots<\/strong><\/p>\n","protected":false},"excerpt":{"rendered":"<p>Faites entendre votre voix \u00e0 la prochaine Assembl\u00e9e g\u00e9n\u00e9rale r\u00e9guli\u00e8re ! Notre prochaine AGR aura lieu le 5 novembre \u00e0 17 h 30 \u2014 un moment cl\u00e9 pour vous impliquer en cette ann\u00e9e de n\u00e9gociation. Joignez-vous \u00e0 nous en personne au CRX C010 pour profiter de nourriture et d\u2019avantages exclusifs aux membres, ou participez en &#8230;<\/p>\n","protected":false},"author":1,"featured_media":0,"parent":85469,"menu_order":0,"comment_status":"closed","ping_status":"closed","template":"template-events.php","meta":{"_acf_changed":false,"footnotes":""},"class_list":["post-100443","page","type-page","status-publish","hentry"],"acf":[],"aioseo_notices":[],"_links":{"self":[{"href":"https:\/\/2626.ca\/fr\/wp-json\/wp\/v2\/pages\/100443","targetHints":{"allow":["GET"]}}],"collection":[{"href":"https:\/\/2626.ca\/fr\/wp-json\/wp\/v2\/pages"}],"about":[{"href":"https:\/\/2626.ca\/fr\/wp-json\/wp\/v2\/types\/page"}],"author":[{"embeddable":true,"href":"https:\/\/2626.ca\/fr\/wp-json\/wp\/v2\/users\/1"}],"replies":[{"embeddable":true,"href":"https:\/\/2626.ca\/fr\/wp-json\/wp\/v2\/comments?post=100443"}],"version-history":[{"count":4,"href":"https:\/\/2626.ca\/fr\/wp-json\/wp\/v2\/pages\/100443\/revisions"}],"predecessor-version":[{"id":102791,"href":"https:\/\/2626.ca\/fr\/wp-json\/wp\/v2\/pages\/100443\/revisions\/102791"}],"up":[{"embeddable":true,"href":"https:\/\/2626.ca\/fr\/wp-json\/wp\/v2\/pages\/85469"}],"wp:attachment":[{"href":"https:\/\/2626.ca\/fr\/wp-json\/wp\/v2\/media?parent=100443"}],"curies":[{"name":"wp","href":"https:\/\/api.w.org\/{rel}","templated":true}]}}