{"id":101866,"date":"2022-12-14T15:59:17","date_gmt":"2022-12-14T15:59:23","guid":{"rendered":"https:\/\/2626.ca\/?page_id=101866"},"modified":"2023-05-25T00:13:21","modified_gmt":"2023-05-25T00:13:21","slug":"vos-delegue%c2%b7e%c2%b7s","status":"publish","type":"page","link":"https:\/\/2626.ca\/fr\/votre-syndicat\/vos-delegue%c2%b7e%c2%b7s\/","title":{"rendered":"Vos d\u00e9l\u00e9gu\u00e9\u00b7e\u00b7s"},"content":{"rendered":"<p style=\"text-align: center;\">Les d\u00e9l\u00e9gu\u00e9\u00b7e\u00b7s si\u00e8gent au Conseil des d\u00e9l\u00e9gu\u00e9\u00b7e\u00b7s (CD) o\u00f9 iels repr\u00e9sentent leur d\u00e9partement respectif. Les d\u00e9l\u00e9gu\u00e9\u00b7e\u00b7s jouent un r\u00f4le important en assurant la communication entre le Comit\u00e9 ex\u00e9cutif (CE) et les membres du Syndicat ainsi qu&rsquo;en conseillant le CE entre les Assembl\u00e9es g\u00e9n\u00e9rales.<\/p>\n<p style=\"text-align: center;\">Cliquez <strong><a href=\"https:\/\/docs.google.com\/spreadsheets\/u\/1\/d\/e\/2PACX-1vQNwhVh6OkCUNQTwulOn24a-HoycZOgvI86HOwlc9aSirRcT_zNnG621F-fpeFq2NTYTCwtEc1CmmBp\/pubhtml\">ici<\/a> <\/strong>pour consulter la liste des d\u00e9l\u00e9gu\u00e9\u00b7e\u00b7s.<\/p>\n<p style=\"text-align: center;\">Le nombre de d\u00e9l\u00e9gu\u00e9\u00b7e\u00b7s par d\u00e9partement varie selon le nombre de membres par d\u00e9partement. Si vous \u00eates int\u00e9ress\u00e9\u00b7e \u00e0 repr\u00e9senter votre d\u00e9partement en tant que d\u00e9l\u00e9gu\u00e9\u00b7e, veuillez contacter la <strong><a href=\"mailto:rep.delegue.franco@2626.ca\">Repr\u00e9sentante francophone des d\u00e9l\u00e9gu\u00e9\u00b7e\u00b7s<\/a><\/strong>, la<a href=\"mailto:2626-1.rep@2626.ca\"><strong> Repr\u00e9sentante des sauveteur\u00b7euse\u00b7s <\/strong><\/a>ou le <a href=\"mailto:2626-3.rep@2626.ca\"><strong>Repr\u00e9sentant des travailleur\u00b7euse\u00b7s de la vie en r\u00e9sidence<\/strong><\/a>.<\/p>\n","protected":false},"excerpt":{"rendered":"<p>Les d\u00e9l\u00e9gu\u00e9\u00b7e\u00b7s si\u00e8gent au Conseil des d\u00e9l\u00e9gu\u00e9\u00b7e\u00b7s (CD) o\u00f9 iels repr\u00e9sentent leur d\u00e9partement respectif. Les d\u00e9l\u00e9gu\u00e9\u00b7e\u00b7s jouent un r\u00f4le important en assurant la communication entre le Comit\u00e9 ex\u00e9cutif (CE) et les membres du Syndicat ainsi qu&rsquo;en conseillant le CE entre les Assembl\u00e9es g\u00e9n\u00e9rales. Cliquez ici pour consulter la liste des d\u00e9l\u00e9gu\u00e9\u00b7e\u00b7s. Le nombre de d\u00e9l\u00e9gu\u00e9\u00b7e\u00b7s &#8230;<\/p>\n","protected":false},"author":1,"featured_media":0,"parent":85447,"menu_order":1,"comment_status":"closed","ping_status":"closed","template":"","meta":{"_acf_changed":false,"footnotes":""},"class_list":["post-101866","page","type-page","status-publish","hentry"],"acf":[],"aioseo_notices":[],"_links":{"self":[{"href":"https:\/\/2626.ca\/fr\/wp-json\/wp\/v2\/pages\/101866","targetHints":{"allow":["GET"]}}],"collection":[{"href":"https:\/\/2626.ca\/fr\/wp-json\/wp\/v2\/pages"}],"about":[{"href":"https:\/\/2626.ca\/fr\/wp-json\/wp\/v2\/types\/page"}],"author":[{"embeddable":true,"href":"https:\/\/2626.ca\/fr\/wp-json\/wp\/v2\/users\/1"}],"replies":[{"embeddable":true,"href":"https:\/\/2626.ca\/fr\/wp-json\/wp\/v2\/comments?post=101866"}],"version-history":[{"count":5,"href":"https:\/\/2626.ca\/fr\/wp-json\/wp\/v2\/pages\/101866\/revisions"}],"predecessor-version":[{"id":102264,"href":"https:\/\/2626.ca\/fr\/wp-json\/wp\/v2\/pages\/101866\/revisions\/102264"}],"up":[{"embeddable":true,"href":"https:\/\/2626.ca\/fr\/wp-json\/wp\/v2\/pages\/85447"}],"wp:attachment":[{"href":"https:\/\/2626.ca\/fr\/wp-json\/wp\/v2\/media?parent=101866"}],"curies":[{"name":"wp","href":"https:\/\/api.w.org\/{rel}","templated":true}]}}