{"id":102662,"date":"2024-08-30T19:21:35","date_gmt":"2024-08-30T19:21:35","guid":{"rendered":"https:\/\/2626.ca\/?page_id=102662"},"modified":"2024-08-30T19:24:07","modified_gmt":"2024-08-30T19:24:07","slug":"dons","status":"publish","type":"page","link":"https:\/\/2626.ca\/fr\/votre-syndicat\/dons\/","title":{"rendered":"Dons"},"content":{"rendered":"<h3 style=\"text-align: left;\">Nos b\u00e9n\u00e9ficiaires de dons pour 2023-2024<\/h3>\n<p style=\"text-align: left;\">Notre engagement \u00e0 soutenir diverses causes se refl\u00e8te dans les organisations auxquelles nous choisissons de contribuer chaque ann\u00e9e. Vous trouverez ci-dessous un aper\u00e7u des organisations que nous soutenons, avec de br\u00e8ves descriptions de leurs missions. Vous pouvez cliquer sur les liens pour en savoir plus sur chaque organisation.<\/p>\n<h4 style=\"text-align: left;\">IRIS \u2014 Institut de recherche et d&rsquo;informations socio\u00e9conomiques<\/h4>\n<ul style=\"text-align: left;\">\n<li><strong>Mission :<\/strong> Produit des recherches sur les principales questions socio-\u00e9conomiques avec un accent sur l&rsquo;\u00e9galit\u00e9, les politiques publiques et la justice sociale.<\/li>\n<li><strong>En savoir plus :<\/strong> <a href=\"https:\/\/www.iris-recherche.qc.ca\">Site Web d&rsquo;IRIS<\/a><br \/>\n<em>Adresse : 1710, rue Beaudry, bureau 3.4, Montr\u00e9al (Qc) H2L 3E7<\/em><\/li>\n<\/ul>\n<h4 style=\"text-align: left;\">Centre canadien de politiques alternatives (CCPA)<\/h4>\n<ul style=\"text-align: left;\">\n<li><strong>Mission :<\/strong> Un institut de recherche ax\u00e9 sur la justice sociale, \u00e9conomique et environnementale au Canada.<\/li>\n<li><strong>En savoir plus :<\/strong> <a href=\"https:\/\/www.policyalternatives.ca\">Site Web du CCPA<\/a><br \/>\n<em>Adresse : 141, avenue Laurier Ouest, Bureau 1000, Ottawa, ON, K1P 5J3<\/em><\/li>\n<\/ul>\n<h4 style=\"text-align: left;\">ACORN Ottawa<\/h4>\n<ul style=\"text-align: left;\">\n<li><strong>Mission :<\/strong> R\u00e9alise la justice sociale et \u00e9conomique \u00e0 travers un r\u00e9seau national d&rsquo;organisations communautaires.<\/li>\n<li><strong>En savoir plus :<\/strong><a href=\"https:\/\/acorncanada.org\/\"> Site Web d&rsquo;ACORN Ottawa<\/a><br \/>\n<em>Adresse : 404, avenue McArthur (Heartwood House), Ottawa, ON<\/em><\/li>\n<\/ul>\n<h4 style=\"text-align: left;\">Banque alimentaire d&rsquo;Ottawa<\/h4>\n<ul style=\"text-align: left;\">\n<li><strong>Mission :<\/strong> Travaille en partenariat pour cr\u00e9er une ville en meilleure sant\u00e9 en veillant \u00e0 ce que tout le monde ait acc\u00e8s \u00e0 la nourriture.<\/li>\n<li><strong>En savoir plus :<\/strong> <a href=\"https:\/\/www.ottawafoodbank.ca\/fr\/\">Site Web de la Banque alimentaire d&rsquo;Ottawa<\/a><br \/>\n<em>Adresse : 1317, rue Michael, Ottawa, ON<\/em><\/li>\n<\/ul>\n<h4 style=\"text-align: left;\">Centre de crise du viol d&rsquo;Ottawa (ORCC)<\/h4>\n<ul style=\"text-align: left;\">\n<li><strong>Mission :<\/strong> Offre du soutien aux survivant\u00b7e\u00b7s, propose des formations publiques et milite pour des changements syst\u00e9miques pour mettre fin \u00e0 la violence sexuelle.<\/li>\n<li><strong>En savoir plus :<\/strong> <a href=\"https:\/\/orcc.net\/\">Site Web de l&rsquo;ORCC<\/a><br \/>\n<em>Adresse : Bo\u00eete postale 20206, Ottawa, ON, K1N 9P4<\/em><\/li>\n<\/ul>\n<h4 style=\"text-align: left;\">Planification familiale Ottawa<\/h4>\n<ul style=\"text-align: left;\">\n<li><strong>Mission :<\/strong> Vise \u00e0 promouvoir la sant\u00e9 et les droits sexuels et reproductifs \u00e0 travers une perspective f\u00e9ministe pro-choix.<\/li>\n<li><strong>En savoir plus :<\/strong> <a href=\"https:\/\/ppottawa.ca\/\">Site Web de Planification familiale Ottawa<\/a><br \/>\n<em>Adresse : 222, rue Somerset Ouest, Suite 404, Ottawa, ON K2P 2G3<\/em><\/li>\n<\/ul>\n<p style=\"text-align: left;\"><strong>Minwaashin Lodge<\/strong><\/p>\n<ul style=\"text-align: left;\">\n<li><strong>Mission :<\/strong> Offre une gamme de services de soutien aux femmes et aux enfants des Premi\u00e8res Nations, Inuit et M\u00e9tis survivant\u00b7e\u00b7s de violence.<\/li>\n<li><strong>En savoir plus :<\/strong> <a href=\"https:\/\/www.minlodge.com\/\">Site Web de Minwaashin Lodge<\/a><br \/>\n<em>Adresse : 100-1155, rue Lola, Ottawa, ON K1K 4C1<\/em><\/li>\n<\/ul>\n<h4 style=\"text-align: left;\">Horizon Ottawa<\/h4>\n<ul style=\"text-align: left;\">\n<li><strong>Mission :<\/strong> Cultive la solidarit\u00e9 locale autour des priorit\u00e9s socialement et \u00e9conomiquement progressistes pour construire une ville prosp\u00e8re pour tout le monde.<\/li>\n<li><strong>En savoir plus :<\/strong> <a href=\"https:\/\/www.horizonottawa.ca\/\">Site Web d&rsquo;Horizon Ottawa<\/a><br \/>\n<em>Adresse : 202-1769, boulevard St Laurent, Ottawa, ON K1G 3V4<\/em><\/li>\n<\/ul>\n<h4 style=\"text-align: left;\">Sauvez les enfants<\/h4>\n<ul style=\"text-align: left;\">\n<li><strong>Mission :<\/strong> Fournit une aide aux enfants les plus vuln\u00e9rables dans pr\u00e8s de 120 pays \u00e0 travers le monde, y compris au Canada.<\/li>\n<li><strong>En savoir plus :<\/strong> <a href=\"https:\/\/www.savethechildren.ca\/\">Site Web de Sauvez les enfants<\/a><br \/>\n<em>Adresse : 4141, rue Yonge, Suite 300, Toronto, ON M2P 2A8<\/em><\/li>\n<\/ul>\n<h4 style=\"text-align: left;\">Projet Ten Oaks<\/h4>\n<p style=\"text-align: left;\"><strong>Mission :<\/strong> Engage et connecte les enfants et les jeunes des identit\u00e9s, familles et communaut\u00e9s 2SLGBTQ+ \u00e0 travers des programmes bas\u00e9s sur le jeu.<br \/>\n<strong>En savoir plus :<\/strong> <a href=\"https:\/\/www.tenoaksproject.org\/\">Site Web du Projet Ten Oaks<\/a><br \/>\n<em>Adresse : 9004 \u2013 400, rue Cooper, Ottawa, ON K2P 2H8<\/em><\/p>\n<h4 style=\"text-align: left;\">Croix-Rouge Ottawa<\/h4>\n<p style=\"text-align: left;\"><strong>Mission :<\/strong> Fournit une assistance au Canada et dans le monde entier lors des urgences et soutient la r\u00e9silience communautaire.<br \/>\n<strong>En savoir plus :<\/strong> <a href=\"https:\/\/www.croixrouge.ca\/?_ga=2.85812633.162678254.1725045581-438588574.1725045581&amp;_gl=1*14trckn*_gcl_au*NDQzMzM0ODI3LjE3MjUwNDU1ODA.*_ga*NDM4NTg4NTc0LjE3MjUwNDU1ODE.*_ga_376D8LHM0R*MTcyNTA0NTU4MC4xLjAuMTcyNTA0NTU4MC4wLjAuMjE0NTc3MzI1Mw..*_fplc*dzBYQk5EViUyRmRpQ2IlMkJBTTByNUt6Y05HZEhFVndPcUZOeDloV3RLSUp2JTJCVFhYN0gyWVd5QUthbGtZTG14RVhzMERiVTVIcEh5TWxpNGtvVyUyRk9WUjF6Y3RqbzhReW9BalBkUkdmM3JaYUZEeTV6TWlDdFdCTjBRdzRLdUU3TWclM0QlM0Q.\">Site Web de la Croix-Rouge Ottawa<\/a><br \/>\n<em>Adresse : 400, rue Cooper, Suite 8000, Ottawa, ON K2P 2H8<\/em><\/p>\n","protected":false},"excerpt":{"rendered":"<p>Nos b\u00e9n\u00e9ficiaires de dons pour 2023-2024 Notre engagement \u00e0 soutenir diverses causes se refl\u00e8te dans les organisations auxquelles nous choisissons de contribuer chaque ann\u00e9e. Vous trouverez ci-dessous un aper\u00e7u des organisations que nous soutenons, avec de br\u00e8ves descriptions de leurs missions. Vous pouvez cliquer sur les liens pour en savoir plus sur chaque organisation. IRIS &#8230;<\/p>\n","protected":false},"author":2,"featured_media":0,"parent":85447,"menu_order":5,"comment_status":"closed","ping_status":"closed","template":"template-whyweareimportant.php","meta":{"_acf_changed":false,"footnotes":""},"class_list":["post-102662","page","type-page","status-publish","hentry"],"acf":[],"aioseo_notices":[],"_links":{"self":[{"href":"https:\/\/2626.ca\/fr\/wp-json\/wp\/v2\/pages\/102662","targetHints":{"allow":["GET"]}}],"collection":[{"href":"https:\/\/2626.ca\/fr\/wp-json\/wp\/v2\/pages"}],"about":[{"href":"https:\/\/2626.ca\/fr\/wp-json\/wp\/v2\/types\/page"}],"author":[{"embeddable":true,"href":"https:\/\/2626.ca\/fr\/wp-json\/wp\/v2\/users\/2"}],"replies":[{"embeddable":true,"href":"https:\/\/2626.ca\/fr\/wp-json\/wp\/v2\/comments?post=102662"}],"version-history":[{"count":4,"href":"https:\/\/2626.ca\/fr\/wp-json\/wp\/v2\/pages\/102662\/revisions"}],"predecessor-version":[{"id":102664,"href":"https:\/\/2626.ca\/fr\/wp-json\/wp\/v2\/pages\/102662\/revisions\/102664"}],"up":[{"embeddable":true,"href":"https:\/\/2626.ca\/fr\/wp-json\/wp\/v2\/pages\/85447"}],"wp:attachment":[{"href":"https:\/\/2626.ca\/fr\/wp-json\/wp\/v2\/media?parent=102662"}],"curies":[{"name":"wp","href":"https:\/\/api.w.org\/{rel}","templated":true}]}}