{"id":351,"date":"2016-09-20T12:41:30","date_gmt":"2016-09-20T12:41:30","guid":{"rendered":"https:\/\/2626.ca\/fr\/?page_id=351"},"modified":"2022-12-14T15:54:11","modified_gmt":"2022-12-14T15:54:11","slug":"pourquoi-nous-sommes-importants","status":"publish","type":"page","link":"https:\/\/2626.ca\/fr\/votre-syndicat\/pourquoi-nous-sommes-importants\/","title":{"rendered":"Pourquoi nous sommes importants ?"},"content":{"rendered":"<p style=\"text-align: center;\">Le SCFP 2626 est le syndicat de la plupart des \u00e9tudiant\u00b7e\u00b7s qui travaillent pour uOttawa \u2014 les milliers d\u2019assistant\u00b7e\u00b7s d\u2019enseignement et de recherche, correcteurs et correctrices, surveillant\u00b7e\u00b7s d\u2019examen, tuteurs et tutrices, moniteurs et monitrices, sauveteurs et sauveteuses ainsi que travailleurs et travailleuses de vie en r\u00e9sidence !<\/p>\n<p style=\"text-align: center;\">Un syndicat est une association de travailleurs et travailleuses fond\u00e9e sur le principe de la justice sociale. Ils existent principalement pour am\u00e9liorer la qualit\u00e9 de vie et les conditions de travail de leurs membres. Les victoires d\u2019un syndicat peuvent avoir un impact significatif dans plus d\u2019un milieu de travail. Les officiers syndicaux croient en l\u2019importance de la solidarit\u00e9 pour faire face aux probl\u00e8mes et des syndicats comme un moyen de les surmonter.<\/p>\n<p style=\"text-align: center;\">En tant que syndicat, le SCFP 2626 s\u2019assure que vous travaillez dans un environnement s\u00e9curitaire et productif. P\u00e9riodiquement, le SCFP 2626 n\u00e9gocie avec l\u2019Universit\u00e9 pour renouveler sa convention collective. Notre convention collective est une partie int\u00e9grale du contrat de travail individuel de chacun\u00b7e de nos membres. Elle stipule, entre autres choses, les droits et b\u00e9n\u00e9fices des \u00e9tudiant\u00b7e\u00b7s employ\u00e9\u00b7e\u00b7s.<\/p>\n<p style=\"text-align: center;\">Si vous travaillez comme assistant\u00b7e d\u2019enseignement et\/ou de recherche, correcteur, correctrice, surveillant\u00b7e\u00b7 d\u2019examen, tuteur, tutrice, moniteur, monitrice, sauveteur, sauveteuse, travailleur ou travailleuse de vie en r\u00e9sidence, vous \u00eates syndiqu\u00e9\u00b7e et membre du SCFP 2626. Vous conservez votre statut de membre, ainsi que vos droits et b\u00e9n\u00e9fices, jusqu\u2019\u00e0 12 mois suivant la fin de votre dernier contrat.<\/p>\n<p style=\"text-align: center;\">Vous pouvez vous impliquer dans votre syndicat en participant aux assembl\u00e9es g\u00e9n\u00e9rales locales et en votant, ou en vous portant candidat\u00b7e aux \u00e9lections afin de devenir membre ex\u00e9cutif ou d\u00e9l\u00e9gu\u00e9\u00b7e d\u00e9partemental\u00b7e. Veuillez communiquer avec nous si vous souhaitez participer ou appuyer le SCFP 2626.<\/p>\n","protected":false},"excerpt":{"rendered":"<p>Le SCFP 2626 est le syndicat de la plupart des \u00e9tudiant\u00b7e\u00b7s qui travaillent pour uOttawa \u2014 les milliers d\u2019assistant\u00b7e\u00b7s d\u2019enseignement et de recherche, correcteurs et correctrices, surveillant\u00b7e\u00b7s d\u2019examen, tuteurs et tutrices, moniteurs et monitrices, sauveteurs et sauveteuses ainsi que travailleurs et travailleuses de vie en r\u00e9sidence ! Un syndicat est une association de travailleurs et &#8230;<\/p>\n","protected":false},"author":2,"featured_media":0,"parent":85447,"menu_order":3,"comment_status":"closed","ping_status":"closed","template":"template-whyweareimportant.php","meta":{"_acf_changed":false,"footnotes":""},"class_list":["post-351","page","type-page","status-publish","hentry"],"acf":[],"aioseo_notices":[],"_links":{"self":[{"href":"https:\/\/2626.ca\/fr\/wp-json\/wp\/v2\/pages\/351","targetHints":{"allow":["GET"]}}],"collection":[{"href":"https:\/\/2626.ca\/fr\/wp-json\/wp\/v2\/pages"}],"about":[{"href":"https:\/\/2626.ca\/fr\/wp-json\/wp\/v2\/types\/page"}],"author":[{"embeddable":true,"href":"https:\/\/2626.ca\/fr\/wp-json\/wp\/v2\/users\/2"}],"replies":[{"embeddable":true,"href":"https:\/\/2626.ca\/fr\/wp-json\/wp\/v2\/comments?post=351"}],"version-history":[{"count":5,"href":"https:\/\/2626.ca\/fr\/wp-json\/wp\/v2\/pages\/351\/revisions"}],"predecessor-version":[{"id":100964,"href":"https:\/\/2626.ca\/fr\/wp-json\/wp\/v2\/pages\/351\/revisions\/100964"}],"up":[{"embeddable":true,"href":"https:\/\/2626.ca\/fr\/wp-json\/wp\/v2\/pages\/85447"}],"wp:attachment":[{"href":"https:\/\/2626.ca\/fr\/wp-json\/wp\/v2\/media?parent=351"}],"curies":[{"name":"wp","href":"https:\/\/api.w.org\/{rel}","templated":true}]}}