{"id":85299,"date":"2020-08-13T15:49:56","date_gmt":"2020-08-13T15:49:56","guid":{"rendered":"https:\/\/2626.ca\/academic-workers-fr\/job-security\/"},"modified":"2024-09-26T18:24:11","modified_gmt":"2024-09-26T18:24:11","slug":"securite-demploi","status":"publish","type":"page","link":"https:\/\/2626.ca\/fr\/vos-droits\/academic-workers\/securite-demploi\/","title":{"rendered":"S\u00e9curit\u00e9 d&#8217;emploi"},"content":{"rendered":"<p style=\"text-align: center;\">Si vous \u00eates un\u00b7e \u00e9tudiant\u00b7e de deuxi\u00e8me cycle et que vous avez travaill\u00e9 comme assistant\u00b7e \u00e0 l&rsquo;enseignement ou \u00e0 la recherche, correcteur\u00b7trice, tuteur\u00b7trice ou moniteur\u00b7trice de laboratoire dans le pass\u00e9, vous pouvez \u00eatre admissible \u00e0 la s\u00e9curit\u00e9 d\u2019emploi.<\/p>\n<p style=\"text-align: center;\"><strong>La s\u00e9curit\u00e9 d\u2019emploi vous garantit un minimum de 195 heures de travail par ann\u00e9e pendant vos deux premi\u00e8res ann\u00e9es d&rsquo;\u00e9tude (si vous \u00eates \u00e9tudiant\u00b7e \u00e0 la ma\u00eetrise) ou pendant vos cinq premi\u00e8res ann\u00e9es d&rsquo;\u00e9tude (si vous \u00eates \u00e9tudiant\u00b7e au doctorat).<\/strong><\/p>\n<p style=\"text-align: center;\">L\u2019Universit\u00e9 peut remplir ses obligations de s\u00e9curit\u00e9 d\u2019emploi pendant chaque semestre de l\u2019ann\u00e9e acad\u00e9mique. Alors, il se peut que vous recevez une offre de contrat pendant le semestre d\u2019automne, d\u2019hiver ou bien celui de printemps-\u00e9t\u00e9. Si vous pensez compl\u00e9ter vos \u00e9tudes avant la fin de l\u2019ann\u00e9e acad\u00e9mique, vous devez contacter votre d\u00e9partement et remettre une confirmation \u00e9crite de la part de votre directeur de th\u00e8se.<\/p>\n<p style=\"text-align: center;\">Note: La s\u00e9curit\u00e9 d\u2019emploi ne s\u2019applique pas aux \u00e9tudiant\u00b7e\u00b7s coop, aux assistant\u00b7e\u00b7s de recherche qui travaillent sur leur propre projet de th\u00e8se, ni aux assistant\u00b7e\u00b7s de recherche qui sont pay\u00e9\u00b7e\u00b7s par des fonds externes.<\/p>\n<p style=\"text-align: center;\">Si vous avez des questions li\u00e9es \u00e0 la s\u00e9curit\u00e9 d\u2019emploi, n&rsquo;h\u00e9sitez pas \u00e0 nous contacter \u00e0 <a href=\"mailto:info@2626.ca\"><strong>info@2626.ca<\/strong><\/a>\u00a0en toute confidentialit\u00e9.<\/p>\n","protected":false},"excerpt":{"rendered":"<p>Si vous \u00eates un\u00b7e \u00e9tudiant\u00b7e de deuxi\u00e8me cycle et que vous avez travaill\u00e9 comme assistant\u00b7e \u00e0 l&rsquo;enseignement ou \u00e0 la recherche, correcteur\u00b7trice, tuteur\u00b7trice ou moniteur\u00b7trice de laboratoire dans le pass\u00e9, vous pouvez \u00eatre admissible \u00e0 la s\u00e9curit\u00e9 d\u2019emploi. La s\u00e9curit\u00e9 d\u2019emploi vous garantit un minimum de 195 heures de travail par ann\u00e9e pendant vos deux &#8230;<\/p>\n","protected":false},"author":1,"featured_media":0,"parent":4237,"menu_order":6,"comment_status":"closed","ping_status":"closed","template":"","meta":{"_acf_changed":false,"footnotes":""},"class_list":["post-85299","page","type-page","status-publish","hentry"],"acf":[],"aioseo_notices":[],"_links":{"self":[{"href":"https:\/\/2626.ca\/fr\/wp-json\/wp\/v2\/pages\/85299","targetHints":{"allow":["GET"]}}],"collection":[{"href":"https:\/\/2626.ca\/fr\/wp-json\/wp\/v2\/pages"}],"about":[{"href":"https:\/\/2626.ca\/fr\/wp-json\/wp\/v2\/types\/page"}],"author":[{"embeddable":true,"href":"https:\/\/2626.ca\/fr\/wp-json\/wp\/v2\/users\/1"}],"replies":[{"embeddable":true,"href":"https:\/\/2626.ca\/fr\/wp-json\/wp\/v2\/comments?post=85299"}],"version-history":[{"count":5,"href":"https:\/\/2626.ca\/fr\/wp-json\/wp\/v2\/pages\/85299\/revisions"}],"predecessor-version":[{"id":102674,"href":"https:\/\/2626.ca\/fr\/wp-json\/wp\/v2\/pages\/85299\/revisions\/102674"}],"up":[{"embeddable":true,"href":"https:\/\/2626.ca\/fr\/wp-json\/wp\/v2\/pages\/4237"}],"wp:attachment":[{"href":"https:\/\/2626.ca\/fr\/wp-json\/wp\/v2\/media?parent=85299"}],"curies":[{"name":"wp","href":"https:\/\/api.w.org\/{rel}","templated":true}]}}