{"id":85469,"date":"2020-08-11T19:16:51","date_gmt":"2020-08-11T19:16:51","guid":{"rendered":"https:\/\/2626.ca\/cupe-2626\/upcoming-events\/"},"modified":"2023-05-25T17:07:00","modified_gmt":"2023-05-25T17:07:00","slug":"evenements","status":"publish","type":"page","link":"https:\/\/2626.ca\/fr\/evenements\/","title":{"rendered":"\u00c9v\u00e9nements et nouvelles"},"content":{"rendered":"<h3>En d\u00e9veloppement<\/h3>\n","protected":false},"excerpt":{"rendered":"<p>En d\u00e9veloppement<\/p>\n","protected":false},"author":1,"featured_media":0,"parent":0,"menu_order":9,"comment_status":"closed","ping_status":"closed","template":"template-events.php","meta":{"_acf_changed":false,"footnotes":""},"class_list":["post-85469","page","type-page","status-publish","hentry"],"acf":[],"aioseo_notices":[],"_links":{"self":[{"href":"https:\/\/2626.ca\/fr\/wp-json\/wp\/v2\/pages\/85469","targetHints":{"allow":["GET"]}}],"collection":[{"href":"https:\/\/2626.ca\/fr\/wp-json\/wp\/v2\/pages"}],"about":[{"href":"https:\/\/2626.ca\/fr\/wp-json\/wp\/v2\/types\/page"}],"author":[{"embeddable":true,"href":"https:\/\/2626.ca\/fr\/wp-json\/wp\/v2\/users\/1"}],"replies":[{"embeddable":true,"href":"https:\/\/2626.ca\/fr\/wp-json\/wp\/v2\/comments?post=85469"}],"version-history":[{"count":5,"href":"https:\/\/2626.ca\/fr\/wp-json\/wp\/v2\/pages\/85469\/revisions"}],"predecessor-version":[{"id":102319,"href":"https:\/\/2626.ca\/fr\/wp-json\/wp\/v2\/pages\/85469\/revisions\/102319"}],"wp:attachment":[{"href":"https:\/\/2626.ca\/fr\/wp-json\/wp\/v2\/media?parent=85469"}],"curies":[{"name":"wp","href":"https:\/\/api.w.org\/{rel}","templated":true}]}}