{"id":86163,"date":"2021-03-17T12:02:06","date_gmt":"2021-03-17T12:02:06","guid":{"rendered":"https:\/\/2626.ca\/?page_id=86163"},"modified":"2024-04-26T18:22:23","modified_gmt":"2024-04-26T18:22:23","slug":"negociations","status":"publish","type":"page","link":"https:\/\/2626.ca\/fr\/negociations\/","title":{"rendered":"N\u00e9gociations"},"content":{"rendered":"<p style=\"text-align: center;\">Nous sommes ravi\u00b7e\u00b7s de vous annoncer que,<strong> avec 97% des membres votants se pronon\u00e7ant en faveur, la nouvelle convention collective a \u00e9t\u00e9 ratifi\u00e9e\u2009!<\/strong><\/p>\n<p style=\"text-align: center;\">Un immense merci \u00e0 tout\u00b7e\u00b7s pour votre travail acharn\u00e9 et votre d\u00e9vouement tout au long de ce processus. De plus, nous sommes heureux\u00b7euses de vous faire savoir que <strong>le Bureau des gouverneurs de l\u2019Universit\u00e9 a \u00e9galement ratifi\u00e9 la nouvelle Convention le 9 avril 2024, ce qui signifie qu\u2019elle entrera en vigueur d\u00e8s que possible.<\/strong><\/p>\n<p>Demeurez \u00e0 l\u2019\u00e9coute pour plus de mises \u00e0 jour et renseignements sur les prochaines \u00e9tapes, y compris une version int\u00e9grale (et bilingue) de la nouvelle convention pour 2022-2025.<\/p>\n<p style=\"text-align: center;\">En attendant, vous pouvez consulter<strong> <a href=\"https:\/\/drive.google.com\/file\/d\/1evNzp6R4o--tm1ITKw5fQMSlRxHWBR4k\/view\">la trousse de ratification<\/a><\/strong> pour voir les changements \u00e0 venir.<\/p>\n","protected":false},"excerpt":{"rendered":"<p>Nous sommes ravi\u00b7e\u00b7s de vous annoncer que, avec 97% des membres votants se pronon\u00e7ant en faveur, la nouvelle convention collective a \u00e9t\u00e9 ratifi\u00e9e\u2009! Un immense merci \u00e0 tout\u00b7e\u00b7s pour votre travail acharn\u00e9 et votre d\u00e9vouement tout au long de ce processus. De plus, nous sommes heureux\u00b7euses de vous faire savoir que le Bureau des gouverneurs &#8230;<\/p>\n","protected":false},"author":1,"featured_media":0,"parent":0,"menu_order":8,"comment_status":"closed","ping_status":"closed","template":"template-bargaging-single.php","meta":{"_acf_changed":false,"footnotes":""},"class_list":["post-86163","page","type-page","status-publish","hentry"],"acf":[],"aioseo_notices":[],"_links":{"self":[{"href":"https:\/\/2626.ca\/fr\/wp-json\/wp\/v2\/pages\/86163","targetHints":{"allow":["GET"]}}],"collection":[{"href":"https:\/\/2626.ca\/fr\/wp-json\/wp\/v2\/pages"}],"about":[{"href":"https:\/\/2626.ca\/fr\/wp-json\/wp\/v2\/types\/page"}],"author":[{"embeddable":true,"href":"https:\/\/2626.ca\/fr\/wp-json\/wp\/v2\/users\/1"}],"replies":[{"embeddable":true,"href":"https:\/\/2626.ca\/fr\/wp-json\/wp\/v2\/comments?post=86163"}],"version-history":[{"count":3,"href":"https:\/\/2626.ca\/fr\/wp-json\/wp\/v2\/pages\/86163\/revisions"}],"predecessor-version":[{"id":102564,"href":"https:\/\/2626.ca\/fr\/wp-json\/wp\/v2\/pages\/86163\/revisions\/102564"}],"wp:attachment":[{"href":"https:\/\/2626.ca\/fr\/wp-json\/wp\/v2\/media?parent=86163"}],"curies":[{"name":"wp","href":"https:\/\/api.w.org\/{rel}","templated":true}]}}