{"id":86169,"date":"2021-03-11T00:05:47","date_gmt":"2021-03-11T00:05:47","guid":{"rendered":"https:\/\/2626.ca\/?page_id=86169"},"modified":"2022-06-23T19:40:34","modified_gmt":"2022-06-23T19:40:34","slug":"taux-de-salaire","status":"publish","type":"page","link":"https:\/\/2626.ca\/fr\/vos-droits\/sauveteurs-et-sauveteuses\/taux-de-salaire\/","title":{"rendered":"Taux de salaire"},"content":{"rendered":"<p>Durant les 5 ann\u00e9es de la pr\u00e9sente convention collective, le salaire des membres du 2626-1 augmente de 2 % par ann\u00e9e.<\/p>\n<table class=\" alignleft\" style=\"border-color: #000000; background-color: #f0f0f0; height: 344px; padding: 10px; width: 94.6847%; border-collapse: collapse;\" cellspacing=\"10\" cellpadding=\"10\">\n<tbody>\n<tr style=\"height: 24px;\">\n<td style=\"width: 24.895%; height: 57px;\"><\/td>\n<td style=\"width: 13.607%; height: 57px;\"><strong>01-09-2018 <\/strong><\/td>\n<td style=\"width: 12.6204%; height: 57px;\"><strong>01-09-2019<\/strong><\/td>\n<td style=\"width: 14.3427%; height: 57px;\"><strong>01-09-2020<\/strong><\/td>\n<td style=\"width: 16.3472%; height: 57px;\"><strong>01-09-2021<\/strong><\/td>\n<td style=\"width: 19.8789%; height: 57px;\"><strong>01-09-2022<\/strong><\/td>\n<\/tr>\n<tr style=\"height: 24px;\">\n<td style=\"width: 24.895%; height: 57px;\"><strong>Sauveteur-euse<\/strong><\/td>\n<td style=\"width: 13.607%; height: 57px;\">15.00$\/h<\/td>\n<td style=\"width: 12.6204%; height: 57px;\">15.30$\/h<\/td>\n<td style=\"width: 14.3427%; height: 57px;\">15.61$\/h<\/td>\n<td style=\"width: 16.3472%; height: 57px;\">15.92$\/h<\/td>\n<td style=\"width: 19.8789%; height: 57px;\">16.24$\/h<\/td>\n<\/tr>\n<tr style=\"height: 24px;\">\n<td style=\"width: 24.895%; height: 57px;\"><strong>Sauveteur-euse-chef-fe<\/strong><\/td>\n<td style=\"width: 13.607%; height: 57px;\">17.54$\/h<\/td>\n<td style=\"width: 12.6204%; height: 57px;\">17.89$\/h<\/td>\n<td style=\"width: 14.3427%; height: 57px;\">18.25$\/h<\/td>\n<td style=\"width: 16.3472%; height: 57px;\">18.61$\/h<\/td>\n<td style=\"width: 19.8789%; height: 57px;\">19.00$\/h<\/td>\n<\/tr>\n<tr style=\"height: 24px;\">\n<td style=\"width: 24.895%; height: 57px;\"><strong>Instructeur-euse aquatique<\/strong><\/td>\n<td style=\"width: 13.607%; height: 57px;\">15.57$\/h<\/td>\n<td style=\"width: 12.6204%; height: 57px;\">15.87$\/h<\/td>\n<td style=\"width: 14.3427%; height: 57px;\">16.19$\/h<\/td>\n<td style=\"width: 16.3472%; height: 57px;\">16.51$\/h<\/td>\n<td style=\"width: 19.8789%; height: 57px;\">16.84$\/h<\/td>\n<\/tr>\n<tr style=\"height: 48px;\">\n<td style=\"width: 24.895%; height: 48px;\"><strong>Instructeur-euse aquatique sp\u00e9cialis\u00e9 et avanc\u00e9<\/strong><\/td>\n<td style=\"width: 13.607%; height: 48px;\">19.88$\/h<\/td>\n<td style=\"width: 12.6204%; height: 48px;\">20.28$\/h<\/td>\n<td style=\"width: 14.3427%; height: 48px;\">20.68$\/h<\/td>\n<td style=\"width: 16.3472%; height: 48px;\">21.09$\/h<\/td>\n<td style=\"width: 19.8789%; height: 48px;\">21.51$\/h<\/td>\n<\/tr>\n<\/tbody>\n<\/table>\n","protected":false},"excerpt":{"rendered":"<p>Durant les 5 ann\u00e9es de la pr\u00e9sente convention collective, le salaire des membres du 2626-1 augmente de 2 % par ann\u00e9e. 01-09-2018 01-09-2019 01-09-2020 01-09-2021 01-09-2022 Sauveteur-euse 15.00$\/h 15.30$\/h 15.61$\/h 15.92$\/h 16.24$\/h Sauveteur-euse-chef-fe 17.54$\/h 17.89$\/h 18.25$\/h 18.61$\/h 19.00$\/h Instructeur-euse aquatique 15.57$\/h 15.87$\/h 16.19$\/h 16.51$\/h 16.84$\/h Instructeur-euse aquatique sp\u00e9cialis\u00e9 et avanc\u00e9 19.88$\/h 20.28$\/h 20.68$\/h 21.09$\/h 21.51$\/h<\/p>\n","protected":false},"author":1,"featured_media":0,"parent":4241,"menu_order":2,"comment_status":"closed","ping_status":"closed","template":"template-salaty-rates.php","meta":{"_acf_changed":false,"footnotes":""},"class_list":["post-86169","page","type-page","status-publish","hentry"],"acf":[],"aioseo_notices":[],"_links":{"self":[{"href":"https:\/\/2626.ca\/fr\/wp-json\/wp\/v2\/pages\/86169","targetHints":{"allow":["GET"]}}],"collection":[{"href":"https:\/\/2626.ca\/fr\/wp-json\/wp\/v2\/pages"}],"about":[{"href":"https:\/\/2626.ca\/fr\/wp-json\/wp\/v2\/types\/page"}],"author":[{"embeddable":true,"href":"https:\/\/2626.ca\/fr\/wp-json\/wp\/v2\/users\/1"}],"replies":[{"embeddable":true,"href":"https:\/\/2626.ca\/fr\/wp-json\/wp\/v2\/comments?post=86169"}],"version-history":[{"count":5,"href":"https:\/\/2626.ca\/fr\/wp-json\/wp\/v2\/pages\/86169\/revisions"}],"predecessor-version":[{"id":99850,"href":"https:\/\/2626.ca\/fr\/wp-json\/wp\/v2\/pages\/86169\/revisions\/99850"}],"up":[{"embeddable":true,"href":"https:\/\/2626.ca\/fr\/wp-json\/wp\/v2\/pages\/4241"}],"wp:attachment":[{"href":"https:\/\/2626.ca\/fr\/wp-json\/wp\/v2\/media?parent=86169"}],"curies":[{"name":"wp","href":"https:\/\/api.w.org\/{rel}","templated":true}]}}