{"id":86284,"date":"2020-12-10T14:05:57","date_gmt":"2020-12-10T14:05:57","guid":{"rendered":"https:\/\/2626.ca\/2626-01\/seniority\/"},"modified":"2021-03-11T00:17:19","modified_gmt":"2021-03-11T00:17:19","slug":"anciennete","status":"publish","type":"page","link":"https:\/\/2626.ca\/fr\/vos-droits\/sauveteurs-et-sauveteuses\/anciennete\/","title":{"rendered":"Anciennet\u00e9"},"content":{"rendered":"<p style=\"text-align: center;\">L\u2019anciennet\u00e9 est d\u00e9finie comme la premi\u00e8re journ\u00e9e d\u2019embauche dans l\u2019unit\u00e9 de n\u00e9gociation et est le seul facteur d\u00e9terminant la priorit\u00e9 ou la pr\u00e9f\u00e9rence dans le choix de quarts de travail.<\/p>\n<p style=\"text-align: center;\">L\u2019Universit\u00e9 maintient une liste d\u2019anciennet\u00e9 indiquant la premi\u00e8re journ\u00e9e d\u2019embauche de chaque employ\u00e9\u00b7e. Aux mois de janvier, de mai et d\u2019octobre de chaque ann\u00e9e, une liste d\u2019anciennet\u00e9 \u00e0 jour est transmise \u00e0 un repr\u00e9sentant externe du SCFP et au d\u00e9l\u00e9gu\u00e9\u00b7e syndical local. Cette liste d\u2019anciennet\u00e9 est affich\u00e9e au plus tard au 15 janvier, au 15 mai et au 1er octobre de chaque ann\u00e9e, sur le tableau d\u2019affichage des employ\u00e9s ou sur un tableau d\u2019affichage, r\u00e9serv\u00e9 en tout ou en partie \u00e0 cet effet, au pavillon aquatique, \u00e9difice Montpetit.<\/p>\n<p style=\"text-align: center;\">L\u2019employ\u00e9 perd son anciennet\u00e9 et son emploi \u00e0 l\u2019Universit\u00e9 dans les cas suivants :<\/p>\n<p style=\"text-align: center;\">a) Si l\u2019employ\u00e9e d\u00e9missionne<br \/>\nb) Si l\u2019employ\u00e9e est cong\u00e9di\u00e9\u00b7e pour motif fond\u00e9 et n\u2019est pas r\u00e9int\u00e9gr\u00e9<br \/>\nc) Si l\u2019employ\u00e9e est mis \u00e0 pied, il conserve cependant son anciennet\u00e9 accumul\u00e9e pour une p\u00e9riode de douze (12) mois cons\u00e9cutifs en raison de rappel au travail ou r\u00e9embauche<br \/>\nd) Si l\u2019employ\u00e9e ne travaille plus \u00e0 l\u2019Universit\u00e9 pour une p\u00e9riode de douze (12) mois cons\u00e9cutifs, sauf en raison d\u2019un cong\u00e9 de maladie ou d\u2019un accident de travail, justifi\u00e9 par un certificat m\u00e9dical approuv\u00e9 par le secteur Sant\u00e9, invalidit\u00e9 et cong\u00e9s, Service des ressources humaines.<\/p>\n","protected":false},"excerpt":{"rendered":"<p>L\u2019anciennet\u00e9 est d\u00e9finie comme la premi\u00e8re journ\u00e9e d\u2019embauche dans l\u2019unit\u00e9 de n\u00e9gociation et est le seul facteur d\u00e9terminant la priorit\u00e9 ou la pr\u00e9f\u00e9rence dans le choix de quarts de travail. L\u2019Universit\u00e9 maintient une liste d\u2019anciennet\u00e9 indiquant la premi\u00e8re journ\u00e9e d\u2019embauche de chaque employ\u00e9\u00b7e. Aux mois de janvier, de mai et d\u2019octobre de chaque ann\u00e9e, une &#8230;<\/p>\n","protected":false},"author":1,"featured_media":0,"parent":4241,"menu_order":4,"comment_status":"closed","ping_status":"closed","template":"","meta":{"_acf_changed":false,"footnotes":""},"class_list":["post-86284","page","type-page","status-publish","hentry"],"acf":[],"aioseo_notices":[],"_links":{"self":[{"href":"https:\/\/2626.ca\/fr\/wp-json\/wp\/v2\/pages\/86284","targetHints":{"allow":["GET"]}}],"collection":[{"href":"https:\/\/2626.ca\/fr\/wp-json\/wp\/v2\/pages"}],"about":[{"href":"https:\/\/2626.ca\/fr\/wp-json\/wp\/v2\/types\/page"}],"author":[{"embeddable":true,"href":"https:\/\/2626.ca\/fr\/wp-json\/wp\/v2\/users\/1"}],"replies":[{"embeddable":true,"href":"https:\/\/2626.ca\/fr\/wp-json\/wp\/v2\/comments?post=86284"}],"version-history":[{"count":5,"href":"https:\/\/2626.ca\/fr\/wp-json\/wp\/v2\/pages\/86284\/revisions"}],"predecessor-version":[{"id":86729,"href":"https:\/\/2626.ca\/fr\/wp-json\/wp\/v2\/pages\/86284\/revisions\/86729"}],"up":[{"embeddable":true,"href":"https:\/\/2626.ca\/fr\/wp-json\/wp\/v2\/pages\/4241"}],"wp:attachment":[{"href":"https:\/\/2626.ca\/fr\/wp-json\/wp\/v2\/media?parent=86284"}],"curies":[{"name":"wp","href":"https:\/\/api.w.org\/{rel}","templated":true}]}}