{"id":86357,"date":"2021-03-11T01:02:50","date_gmt":"2021-03-11T01:02:50","guid":{"rendered":"https:\/\/2626.ca\/?page_id=86357"},"modified":"2021-03-11T01:02:50","modified_gmt":"2021-03-11T01:02:50","slug":"harcelement-et-discrimination","status":"publish","type":"page","link":"https:\/\/2626.ca\/fr\/obtenir-de-laide\/harcelement-et-discrimination\/","title":{"rendered":"Harc\u00e8lement et discrimination"},"content":{"rendered":"<p style=\"text-align: center;\">L\u2019Universit\u00e9 d\u2019Ottawa a la responsabilit\u00e9 d\u2019offrir un environnement de travail s\u00e9curitaire et sain, dans lequel tout\u00b7e\u00b7s ses employ\u00e9\u00b7e\u00b7s se sentent \u00e0 l\u2019aise. La discrimination, le harc\u00e8lement, l\u2019intimidation, l\u2019ing\u00e9rence, la contrainte ou la coercion n\u2019ont pas leur place dans l\u2019environement de travail et ne seront jamais tol\u00e9r\u00e9s.<\/p>\n<p style=\"text-align: center;\">Le harc\u00e8lement \u2013 peu importe sa forme \u2013 est un probl\u00e8me s\u00e9rieux. Nous vous invitons \u00e0 nous contacter si vous sentez que vous en \u00eates victime. Le SCFP 2626 peut vous offrir des moyens informels ou formels pour r\u00e9pondre au harc\u00e8lement, d\u00e9pendamment de vos pr\u00e9f\u00e9rences et de l\u2019ampleur de l\u2019incident. Lors de toute discussion concernant un incident de harc\u00e8lement, un\u00b7e repr\u00e9sentant\u00b7e du SCFP 2626 peut \u00eatre \u00e0 vos c\u00f4t\u00e9s, ou m\u00eame \u00e0 votre place, si vous en exprimez le besoin.<\/p>\n","protected":false},"excerpt":{"rendered":"<p>L\u2019Universit\u00e9 d\u2019Ottawa a la responsabilit\u00e9 d\u2019offrir un environnement de travail s\u00e9curitaire et sain, dans lequel tout\u00b7e\u00b7s ses employ\u00e9\u00b7e\u00b7s se sentent \u00e0 l\u2019aise. La discrimination, le harc\u00e8lement, l\u2019intimidation, l\u2019ing\u00e9rence, la contrainte ou la coercion n\u2019ont pas leur place dans l\u2019environement de travail et ne seront jamais tol\u00e9r\u00e9s. Le harc\u00e8lement \u2013 peu importe sa forme \u2013 est &#8230;<\/p>\n","protected":false},"author":1,"featured_media":0,"parent":86354,"menu_order":3,"comment_status":"closed","ping_status":"closed","template":"","meta":{"_acf_changed":false,"footnotes":""},"class_list":["post-86357","page","type-page","status-publish","hentry"],"acf":[],"aioseo_notices":[],"_links":{"self":[{"href":"https:\/\/2626.ca\/fr\/wp-json\/wp\/v2\/pages\/86357","targetHints":{"allow":["GET"]}}],"collection":[{"href":"https:\/\/2626.ca\/fr\/wp-json\/wp\/v2\/pages"}],"about":[{"href":"https:\/\/2626.ca\/fr\/wp-json\/wp\/v2\/types\/page"}],"author":[{"embeddable":true,"href":"https:\/\/2626.ca\/fr\/wp-json\/wp\/v2\/users\/1"}],"replies":[{"embeddable":true,"href":"https:\/\/2626.ca\/fr\/wp-json\/wp\/v2\/comments?post=86357"}],"version-history":[{"count":1,"href":"https:\/\/2626.ca\/fr\/wp-json\/wp\/v2\/pages\/86357\/revisions"}],"predecessor-version":[{"id":86383,"href":"https:\/\/2626.ca\/fr\/wp-json\/wp\/v2\/pages\/86357\/revisions\/86383"}],"up":[{"embeddable":true,"href":"https:\/\/2626.ca\/fr\/wp-json\/wp\/v2\/pages\/86354"}],"wp:attachment":[{"href":"https:\/\/2626.ca\/fr\/wp-json\/wp\/v2\/media?parent=86357"}],"curies":[{"name":"wp","href":"https:\/\/api.w.org\/{rel}","templated":true}]}}