{"id":86362,"date":"2021-03-11T01:06:42","date_gmt":"2021-03-11T01:06:42","guid":{"rendered":"https:\/\/2626.ca\/?page_id=86362"},"modified":"2025-03-19T14:44:15","modified_gmt":"2025-03-19T14:44:15","slug":"conseil-des-delegue%c2%b7e%c2%b7s","status":"publish","type":"page","link":"https:\/\/2626.ca\/fr\/simpliquer\/conseil-des-delegue%c2%b7e%c2%b7s\/","title":{"rendered":"Conseil des d\u00e9l\u00e9gu\u00e9\u00b7e\u00b7s"},"content":{"rendered":"<p data-start=\"529\" data-end=\"997\">Le Conseil des d\u00e9l\u00e9gu\u00e9\u00b7e\u00b7s syndicaux\u00b7ales est l\u2019\u00e9pine dorsale du SCFP 2626, reliant les membres \u00e0 travers les d\u00e9partements et veillant \u00e0 la d\u00e9fense de leurs droits. Les d\u00e9l\u00e9gu\u00e9\u00b7e\u00b7s jouent un r\u00f4le cl\u00e9 dans l\u2019organisation, la mobilisation et le soutien aux membres.<\/p>\n<p data-start=\"529\" data-end=\"997\"><strong data-start=\"793\" data-end=\"995\">Vous souhaitez vous impliquer ou connaissez quelqu\u2019un qui serait parfait pour ce r\u00f4le ? <\/strong><\/p>\n<p data-start=\"529\" data-end=\"997\"><strong data-start=\"793\" data-end=\"995\">Vous pouvez soumettre un <a href=\"https:\/\/docs.google.com\/document\/d\/1z8pc2LmqVSMNDnuo1VJd8mRldd1uHP5f\/edit?usp=sharing&amp;ouid=103077815923209067904&amp;rtpof=true&amp;sd=true\">formulaire de nomination<\/a> pour devenir d\u00e9l\u00e9gu\u00e9\u00b7e syndical\u00b7e ou nommer un autre membre.<\/strong><\/p>\n<p data-start=\"999\" data-end=\"1179\">Pour plus d\u2019informations, contactez notre repr\u00e9sentant\u00b7e des d\u00e9l\u00e9gu\u00e9\u00b7e\u00b7s syndicaux\u00b7ales :<br data-start=\"1054\" data-end=\"1057\" \/>&#x1f4e9; <strong>rep.delegue.franco@cupe2626.ca<\/strong><\/p>\n","protected":false},"excerpt":{"rendered":"<p>Le Conseil des d\u00e9l\u00e9gu\u00e9\u00b7e\u00b7s syndicaux\u00b7ales est l\u2019\u00e9pine dorsale du SCFP 2626, reliant les membres \u00e0 travers les d\u00e9partements et veillant \u00e0 la d\u00e9fense de leurs droits. Les d\u00e9l\u00e9gu\u00e9\u00b7e\u00b7s jouent un r\u00f4le cl\u00e9 dans l\u2019organisation, la mobilisation et le soutien aux membres. Vous souhaitez vous impliquer ou connaissez quelqu\u2019un qui serait parfait pour ce r\u00f4le ? &#8230;<\/p>\n","protected":false},"author":1,"featured_media":0,"parent":86359,"menu_order":2,"comment_status":"closed","ping_status":"closed","template":"","meta":{"_acf_changed":false,"footnotes":""},"class_list":["post-86362","page","type-page","status-publish","hentry"],"acf":[],"aioseo_notices":[],"_links":{"self":[{"href":"https:\/\/2626.ca\/fr\/wp-json\/wp\/v2\/pages\/86362","targetHints":{"allow":["GET"]}}],"collection":[{"href":"https:\/\/2626.ca\/fr\/wp-json\/wp\/v2\/pages"}],"about":[{"href":"https:\/\/2626.ca\/fr\/wp-json\/wp\/v2\/types\/page"}],"author":[{"embeddable":true,"href":"https:\/\/2626.ca\/fr\/wp-json\/wp\/v2\/users\/1"}],"replies":[{"embeddable":true,"href":"https:\/\/2626.ca\/fr\/wp-json\/wp\/v2\/comments?post=86362"}],"version-history":[{"count":5,"href":"https:\/\/2626.ca\/fr\/wp-json\/wp\/v2\/pages\/86362\/revisions"}],"predecessor-version":[{"id":102710,"href":"https:\/\/2626.ca\/fr\/wp-json\/wp\/v2\/pages\/86362\/revisions\/102710"}],"up":[{"embeddable":true,"href":"https:\/\/2626.ca\/fr\/wp-json\/wp\/v2\/pages\/86359"}],"wp:attachment":[{"href":"https:\/\/2626.ca\/fr\/wp-json\/wp\/v2\/media?parent=86362"}],"curies":[{"name":"wp","href":"https:\/\/api.w.org\/{rel}","templated":true}]}}