{"id":86364,"date":"2021-03-11T01:07:37","date_gmt":"2021-03-11T01:07:37","guid":{"rendered":"https:\/\/2626.ca\/?page_id=86364"},"modified":"2025-10-24T14:39:26","modified_gmt":"2025-10-24T14:39:26","slug":"assemblee-generale","status":"publish","type":"page","link":"https:\/\/2626.ca\/fr\/simpliquer\/assemblee-generale\/","title":{"rendered":"Assembl\u00e9e g\u00e9n\u00e9rale"},"content":{"rendered":"","protected":false},"excerpt":{"rendered":"","protected":false},"author":1,"featured_media":0,"parent":86359,"menu_order":0,"comment_status":"closed","ping_status":"closed","template":"template-general-assembly.php","meta":{"_acf_changed":false,"footnotes":""},"class_list":["post-86364","page","type-page","status-publish","hentry"],"acf":[],"aioseo_notices":[],"_links":{"self":[{"href":"https:\/\/2626.ca\/fr\/wp-json\/wp\/v2\/pages\/86364","targetHints":{"allow":["GET"]}}],"collection":[{"href":"https:\/\/2626.ca\/fr\/wp-json\/wp\/v2\/pages"}],"about":[{"href":"https:\/\/2626.ca\/fr\/wp-json\/wp\/v2\/types\/page"}],"author":[{"embeddable":true,"href":"https:\/\/2626.ca\/fr\/wp-json\/wp\/v2\/users\/1"}],"replies":[{"embeddable":true,"href":"https:\/\/2626.ca\/fr\/wp-json\/wp\/v2\/comments?post=86364"}],"version-history":[{"count":5,"href":"https:\/\/2626.ca\/fr\/wp-json\/wp\/v2\/pages\/86364\/revisions"}],"predecessor-version":[{"id":102781,"href":"https:\/\/2626.ca\/fr\/wp-json\/wp\/v2\/pages\/86364\/revisions\/102781"}],"up":[{"embeddable":true,"href":"https:\/\/2626.ca\/fr\/wp-json\/wp\/v2\/pages\/86359"}],"wp:attachment":[{"href":"https:\/\/2626.ca\/fr\/wp-json\/wp\/v2\/media?parent=86364"}],"curies":[{"name":"wp","href":"https:\/\/api.w.org\/{rel}","templated":true}]}}